{"id":3974,"date":"2024-05-02T14:24:05","date_gmt":"2024-05-02T12:24:05","guid":{"rendered":"https:\/\/www.ledliberedizioni.it\/wp\/?post_type=product&#038;p=3974"},"modified":"2024-05-02T14:24:05","modified_gmt":"2024-05-02T12:24:05","slug":"come-la-mappa-del-cielo","status":"publish","type":"product","link":"https:\/\/www.ledliberedizioni.it\/wp\/prodotto\/come-la-mappa-del-cielo\/","title":{"rendered":"COME LA MAPPA DEL CIELO"},"content":{"rendered":"<p class=\"p1\"><span class=\"s1\"> Un alfabeto scolpito nella roccia, un decalogo affidato a un altare che specchia il cielo sulla terra. I Camuni, il popolo misterioso che per millenni ha raccontato la propria storia sulle pietre della Valle Camonica, sembra avesse un proprio codice di comunicazione, una scrittura in grado di creare una relazione diretta tra gli uomini, il cielo e le divinit\u00e0. \u00c8 questa l\u2019ipotesi suggestiva alla quale, nell&#8217;agosto del 1996, lavora Matteo Riva, un brillante ricercatore dell\u2019Universit\u00e0 di Milano che sparisce all&#8217;improvviso senza lasciare traccia. Un mistero che si aggiunge a quello dei Camuni e che sembra destinato a restare senza spiegazione. <\/span><\/p>\n","protected":false},"excerpt":{"rendered":"<p class=\"p1\"><span class=\"s1\"> A rimettere in moto la storia dell&#8217;uomo \u00e8 una fotografia che Rebecca e Francesco, due adolescenti segnati dalla vita, ritrovano casualmente fra le pagine del libro \u2018Il Quinto Evangelio\u2019. \u00c8 la prima traccia con la quale i due compongono, fra colpi di scena e omesse verit\u00e0, le tessere di un sorprendente mosaico, vecchio di millenni. \u00c8 a partire dagli antichi Camuni e dal loro rapporto con il cielo, dalla storia di un amore mai detto, che i due ragazzi provano a tracciare una mappa in grado di guidarli a svelare il segreto dell\u2019alfabeto.\u00a0 <\/span><span class=\"s1\">Un\u2019indagine serrata, sempre sul punto di arenarsi dentro il gelo del silenzio e l\u2019abisso della paura, per trovare risposte a domande rimaste irrisolte per quasi vent&#8217;anni.\u00a0 <\/span><span class=\"s1\">Pagine appassionanti, ricche di enigmi e di mistero, che s\u2019intrecciano alla necessit\u00e0 che impone, a quanti si affacciano alla giovinezza, di trovare le ragioni che spingono a vivere e ad amare. <\/span><span class=\"s1\">Vincitore nel 1994 del premio Alberto Tedeschi per il miglior GIALLO MONDADORI<\/span><\/p>\n","protected":false},"featured_media":3975,"template":"","meta":{"site-sidebar-layout":"default","site-content-layout":"","ast-site-content-layout":"default","site-content-style":"default","site-sidebar-style":"default","ast-global-header-display":"","ast-banner-title-visibility":"","ast-main-header-display":"","ast-hfb-above-header-display":"","ast-hfb-below-header-display":"","ast-hfb-mobile-header-display":"","site-post-title":"","ast-breadcrumbs-content":"","ast-featured-img":"","footer-sml-layout":"","ast-disable-related-posts":"","theme-transparent-header-meta":"default","adv-header-id-meta":"","stick-header-meta":"","header-above-stick-meta":"","header-main-stick-meta":"","header-below-stick-meta":"","astra-migrate-meta-layouts":"set","ast-page-background-enabled":"default","ast-page-background-meta":{"desktop":{"background-color":"","background-image":"","background-repeat":"repeat","background-position":"center center","background-size":"auto","background-attachment":"scroll","background-type":"","background-media":"","overlay-type":"","overlay-color":"","overlay-opacity":"","overlay-gradient":""},"tablet":{"background-color":"","background-image":"","background-repeat":"repeat","background-position":"center center","background-size":"auto","background-attachment":"scroll","background-type":"","background-media":"","overlay-type":"","overlay-color":"","overlay-opacity":"","overlay-gradient":""},"mobile":{"background-color":"","background-image":"","background-repeat":"repeat","background-position":"center center","background-size":"auto","background-attachment":"scroll","background-type":"","background-media":"","overlay-type":"","overlay-color":"","overlay-opacity":"","overlay-gradient":""}},"ast-content-background-meta":{"desktop":{"background-color":"var(--ast-global-color-5)","background-image":"","background-repeat":"repeat","background-position":"center center","background-size":"auto","background-attachment":"scroll","background-type":"","background-media":"","overlay-type":"","overlay-color":"","overlay-opacity":"","overlay-gradient":""},"tablet":{"background-color":"var(--ast-global-color-5)","background-image":"","background-repeat":"repeat","background-position":"center center","background-size":"auto","background-attachment":"scroll","background-type":"","background-media":"","overlay-type":"","overlay-color":"","overlay-opacity":"","overlay-gradient":""},"mobile":{"background-color":"var(--ast-global-color-5)","background-image":"","background-repeat":"repeat","background-position":"center center","background-size":"auto","background-attachment":"scroll","background-type":"","background-media":"","overlay-type":"","overlay-color":"","overlay-opacity":"","overlay-gradient":""}}},"product_brand":[],"product_cat":[614,43],"product_tag":[],"class_list":{"0":"post-3974","1":"product","2":"type-product","3":"status-publish","4":"has-post-thumbnail","6":"product_cat-lucio-dallangelo","7":"product_cat-narrativa","8":"desktop-align-left","9":"tablet-align-left","10":"mobile-align-left","12":"first","13":"instock","14":"sale","15":"taxable","16":"shipping-taxable","17":"purchasable","18":"product-type-simple"},"_links":{"self":[{"href":"https:\/\/www.ledliberedizioni.it\/wp\/wp-json\/wp\/v2\/product\/3974","targetHints":{"allow":["GET"]}}],"collection":[{"href":"https:\/\/www.ledliberedizioni.it\/wp\/wp-json\/wp\/v2\/product"}],"about":[{"href":"https:\/\/www.ledliberedizioni.it\/wp\/wp-json\/wp\/v2\/types\/product"}],"version-history":[{"count":0,"href":"https:\/\/www.ledliberedizioni.it\/wp\/wp-json\/wp\/v2\/product\/3974\/revisions"}],"wp:featuredmedia":[{"embeddable":true,"href":"https:\/\/www.ledliberedizioni.it\/wp\/wp-json\/wp\/v2\/media\/3975"}],"wp:attachment":[{"href":"https:\/\/www.ledliberedizioni.it\/wp\/wp-json\/wp\/v2\/media?parent=3974"}],"wp:term":[{"taxonomy":"product_brand","embeddable":true,"href":"https:\/\/www.ledliberedizioni.it\/wp\/wp-json\/wp\/v2\/product_brand?post=3974"},{"taxonomy":"product_cat","embeddable":true,"href":"https:\/\/www.ledliberedizioni.it\/wp\/wp-json\/wp\/v2\/product_cat?post=3974"},{"taxonomy":"product_tag","embeddable":true,"href":"https:\/\/www.ledliberedizioni.it\/wp\/wp-json\/wp\/v2\/product_tag?post=3974"}],"curies":[{"name":"wp","href":"https:\/\/api.w.org\/{rel}","templated":true}]}}