{"id":3766,"date":"2024-04-30T10:35:43","date_gmt":"2024-04-30T08:35:43","guid":{"rendered":"https:\/\/www.ledliberedizioni.it\/wp\/?post_type=product&#038;p=3766"},"modified":"2024-05-14T18:20:08","modified_gmt":"2024-05-14T16:20:08","slug":"una-dispensa-di-errori","status":"publish","type":"product","link":"https:\/\/www.ledliberedizioni.it\/wp\/prodotto\/una-dispensa-di-errori\/","title":{"rendered":"Una dispensa di errori"},"content":{"rendered":"<p>Mykyta \u00e8 nato in Italia e, a otto anni compiuti, le poche cose che sa dell\u2019Ucraina le ha ascoltate dalla mamma. Da adulto vi andr\u00e0 di persona, sperando che la guerra di cui tanto si parla sia finita.<\/p>\n<p>Nel frattempo, il viaggio pi\u00f9 lungo che compie \u00e8 quello nel pomeriggio, terminata la scuola, quando con sua madre raggiunge la casa dove la donna lavora come badante. L\u00ec, per sfuggire alla noia, osserva per ore lo strano edificio di fronte, grigio e circondato da un giardino incolto, che ha tutta l\u2019aria di una fortezza segreta.<\/p>\n<p>In realt\u00e0, \u00e8 la casa di Giovanni, un settantenne di cui nessuno ricorda granch\u00e9. Sopravvissuto alla prima ondata del Covid 19 e dopo la morte della moglie Teresa, l\u2019uomo passa le giornate rinchiuso, intento a contare ogni cosa, a cominciare dalle provviste che gli rimangono nella dispensa. Quando, per\u00f2, dalla finestra vede Mykyta entrare di soppiatto nel suo giardino, comprende che tutto sta per cambiare.<\/p>\n","protected":false},"excerpt":{"rendered":"<p>Mykyta \u00e8 nato in Italia e, a otto anni compiuti, le poche cose che sa dell\u2019Ucraina le ha ascoltate dalla [&hellip;]<\/p>\n","protected":false},"featured_media":3767,"template":"","meta":{"site-sidebar-layout":"default","site-content-layout":"","ast-site-content-layout":"default","site-content-style":"default","site-sidebar-style":"default","ast-global-header-display":"","ast-banner-title-visibility":"","ast-main-header-display":"","ast-hfb-above-header-display":"","ast-hfb-below-header-display":"","ast-hfb-mobile-header-display":"","site-post-title":"","ast-breadcrumbs-content":"","ast-featured-img":"","footer-sml-layout":"","ast-disable-related-posts":"","theme-transparent-header-meta":"default","adv-header-id-meta":"","stick-header-meta":"","header-above-stick-meta":"","header-main-stick-meta":"","header-below-stick-meta":"","astra-migrate-meta-layouts":"set","ast-page-background-enabled":"default","ast-page-background-meta":{"desktop":{"background-color":"","background-image":"","background-repeat":"repeat","background-position":"center center","background-size":"auto","background-attachment":"scroll","background-type":"","background-media":"","overlay-type":"","overlay-color":"","overlay-opacity":"","overlay-gradient":""},"tablet":{"background-color":"","background-image":"","background-repeat":"repeat","background-position":"center center","background-size":"auto","background-attachment":"scroll","background-type":"","background-media":"","overlay-type":"","overlay-color":"","overlay-opacity":"","overlay-gradient":""},"mobile":{"background-color":"","background-image":"","background-repeat":"repeat","background-position":"center center","background-size":"auto","background-attachment":"scroll","background-type":"","background-media":"","overlay-type":"","overlay-color":"","overlay-opacity":"","overlay-gradient":""}},"ast-content-background-meta":{"desktop":{"background-color":"var(--ast-global-color-5)","background-image":"","background-repeat":"repeat","background-position":"center center","background-size":"auto","background-attachment":"scroll","background-type":"","background-media":"","overlay-type":"","overlay-color":"","overlay-opacity":"","overlay-gradient":""},"tablet":{"background-color":"var(--ast-global-color-5)","background-image":"","background-repeat":"repeat","background-position":"center center","background-size":"auto","background-attachment":"scroll","background-type":"","background-media":"","overlay-type":"","overlay-color":"","overlay-opacity":"","overlay-gradient":""},"mobile":{"background-color":"var(--ast-global-color-5)","background-image":"","background-repeat":"repeat","background-position":"center center","background-size":"auto","background-attachment":"scroll","background-type":"","background-media":"","overlay-type":"","overlay-color":"","overlay-opacity":"","overlay-gradient":""}}},"product_brand":[],"product_cat":[336,459],"product_tag":[],"class_list":{"0":"post-3766","1":"product","2":"type-product","3":"status-publish","4":"has-post-thumbnail","6":"product_cat-nuovi-arrivi","7":"product_cat-roberto-bonzi","8":"desktop-align-left","9":"tablet-align-left","10":"mobile-align-left","12":"first","13":"instock","14":"sale","15":"featured","16":"taxable","17":"shipping-taxable","18":"purchasable","19":"product-type-simple"},"_links":{"self":[{"href":"https:\/\/www.ledliberedizioni.it\/wp\/wp-json\/wp\/v2\/product\/3766","targetHints":{"allow":["GET"]}}],"collection":[{"href":"https:\/\/www.ledliberedizioni.it\/wp\/wp-json\/wp\/v2\/product"}],"about":[{"href":"https:\/\/www.ledliberedizioni.it\/wp\/wp-json\/wp\/v2\/types\/product"}],"version-history":[{"count":0,"href":"https:\/\/www.ledliberedizioni.it\/wp\/wp-json\/wp\/v2\/product\/3766\/revisions"}],"wp:featuredmedia":[{"embeddable":true,"href":"https:\/\/www.ledliberedizioni.it\/wp\/wp-json\/wp\/v2\/media\/3767"}],"wp:attachment":[{"href":"https:\/\/www.ledliberedizioni.it\/wp\/wp-json\/wp\/v2\/media?parent=3766"}],"wp:term":[{"taxonomy":"product_brand","embeddable":true,"href":"https:\/\/www.ledliberedizioni.it\/wp\/wp-json\/wp\/v2\/product_brand?post=3766"},{"taxonomy":"product_cat","embeddable":true,"href":"https:\/\/www.ledliberedizioni.it\/wp\/wp-json\/wp\/v2\/product_cat?post=3766"},{"taxonomy":"product_tag","embeddable":true,"href":"https:\/\/www.ledliberedizioni.it\/wp\/wp-json\/wp\/v2\/product_tag?post=3766"}],"curies":[{"name":"wp","href":"https:\/\/api.w.org\/{rel}","templated":true}]}}