{"id":3722,"date":"2024-04-29T18:55:56","date_gmt":"2024-04-29T16:55:56","guid":{"rendered":"https:\/\/www.ledliberedizioni.it\/wp\/?post_type=product&#038;p=3722"},"modified":"2024-04-30T11:30:30","modified_gmt":"2024-04-30T09:30:30","slug":"anser-che-va","status":"publish","type":"product","link":"https:\/\/www.ledliberedizioni.it\/wp\/prodotto\/anser-che-va\/","title":{"rendered":"ANSER CHE VA"},"content":{"rendered":"<p class=\"p1\"><span class=\"s1\"> Il protagonista, Cipriano, attore cinquantenne, si innamora per la prima volta e il suo \u00e8 un sentimento pieno di stupore e di gratitudine ma la vita \u00e8 in agguato. <\/span><span class=\"s1\">La vecchia Venere trova solo nei ricordi pi\u00f9 lontani tracce di felicit\u00e0.\u00a0 <\/span><span class=\"s1\">Sua figlia Emma deve sfoderare grande coraggio nel vivere il sentimento provato per Uchenna e il giovane Asfodelo, <\/span><span class=\"s1\">nato da una violenza, sogna un padre e vuole disperatamente essere amato.\u00a0 <\/span><span class=\"s1\">E poi c\u2019\u00e8 Anser. <\/span><span class=\"s1\">Anser \u2018\u00e8\u2019 l\u2019amore, con tutte le contraddizioni, le debolezze e l\u2019incredibile forza dell\u2019amore. <\/span><span class=\"s1\">Tra tutte queste creature inquiete si aggira un\u2019oca. <\/span><span class=\"s1\">\u00c8 stupenda, dolce, sensuale e amorevole. <\/span><span class=\"s1\">Di lei s\u00ec, ci si pu\u00f2 innamorare. <\/span><\/p>\n","protected":false},"excerpt":{"rendered":"<p class=\"p1\"><span class=\"s1\"> Questo \u00e8 un romanzo d\u2019amore, anzi \u2018di amori\u2019, perch\u00e9 tutti i personaggi amano, desiderano essere amati o non amano pi\u00f9. <\/span><span class=\"s1\">La definizione di \u2018amore\u2019 sul vocabolario \u00e8 ben precisa: Dedizione appassionata ed esclusiva fra persone, volta ad assicurare reciproca felicit\u00e0. <\/span><span class=\"s1\">Nella realt\u00e0 del racconto, purtroppo, la \u2018dedizione appassionata\u2019 non \u00e8 sempre caratteristica di chi ama anche se \u00e8 fortemente desiderata da chi \u00e8 amato; e la \u2018reciproca felicit\u00e0\u2019 \u00e8 semplicemente un sogno, forse irrealizzabile, perch\u00e9 c\u2019\u00e8 di mezzo la vita, con i suoi dolori, le incomprensioni, gli incontri imprevisti e i cambiamenti. <\/span><span class=\"s1\">Eppure, nonostante tutto e come spiegano queste pagine, l\u2019amore \u00e8 un desiderio costante, i giovani ci sperano e i vecchi, se l\u2019hanno perduto, lo rimpiangono e se sono stati delusi si accontentano della felicit\u00e0 di quando ci credevano.<\/span><\/p>\n","protected":false},"featured_media":3723,"template":"","meta":{"site-sidebar-layout":"default","site-content-layout":"","ast-site-content-layout":"default","site-content-style":"default","site-sidebar-style":"default","ast-global-header-display":"","ast-banner-title-visibility":"","ast-main-header-display":"","ast-hfb-above-header-display":"","ast-hfb-below-header-display":"","ast-hfb-mobile-header-display":"","site-post-title":"","ast-breadcrumbs-content":"","ast-featured-img":"","footer-sml-layout":"","ast-disable-related-posts":"","theme-transparent-header-meta":"default","adv-header-id-meta":"","stick-header-meta":"","header-above-stick-meta":"","header-main-stick-meta":"","header-below-stick-meta":"","astra-migrate-meta-layouts":"set","ast-page-background-enabled":"default","ast-page-background-meta":{"desktop":{"background-color":"","background-image":"","background-repeat":"repeat","background-position":"center center","background-size":"auto","background-attachment":"scroll","background-type":"","background-media":"","overlay-type":"","overlay-color":"","overlay-opacity":"","overlay-gradient":""},"tablet":{"background-color":"","background-image":"","background-repeat":"repeat","background-position":"center center","background-size":"auto","background-attachment":"scroll","background-type":"","background-media":"","overlay-type":"","overlay-color":"","overlay-opacity":"","overlay-gradient":""},"mobile":{"background-color":"","background-image":"","background-repeat":"repeat","background-position":"center center","background-size":"auto","background-attachment":"scroll","background-type":"","background-media":"","overlay-type":"","overlay-color":"","overlay-opacity":"","overlay-gradient":""}},"ast-content-background-meta":{"desktop":{"background-color":"var(--ast-global-color-5)","background-image":"","background-repeat":"repeat","background-position":"center center","background-size":"auto","background-attachment":"scroll","background-type":"","background-media":"","overlay-type":"","overlay-color":"","overlay-opacity":"","overlay-gradient":""},"tablet":{"background-color":"var(--ast-global-color-5)","background-image":"","background-repeat":"repeat","background-position":"center center","background-size":"auto","background-attachment":"scroll","background-type":"","background-media":"","overlay-type":"","overlay-color":"","overlay-opacity":"","overlay-gradient":""},"mobile":{"background-color":"var(--ast-global-color-5)","background-image":"","background-repeat":"repeat","background-position":"center center","background-size":"auto","background-attachment":"scroll","background-type":"","background-media":"","overlay-type":"","overlay-color":"","overlay-opacity":"","overlay-gradient":""}}},"product_brand":[],"product_cat":[548,43],"product_tag":[],"class_list":{"0":"post-3722","1":"product","2":"type-product","3":"status-publish","4":"has-post-thumbnail","6":"product_cat-elisabetta-pierallini","7":"product_cat-narrativa","8":"desktop-align-left","9":"tablet-align-left","10":"mobile-align-left","12":"first","13":"instock","14":"sale","15":"featured","16":"taxable","17":"shipping-taxable","18":"purchasable","19":"product-type-simple"},"_links":{"self":[{"href":"https:\/\/www.ledliberedizioni.it\/wp\/wp-json\/wp\/v2\/product\/3722","targetHints":{"allow":["GET"]}}],"collection":[{"href":"https:\/\/www.ledliberedizioni.it\/wp\/wp-json\/wp\/v2\/product"}],"about":[{"href":"https:\/\/www.ledliberedizioni.it\/wp\/wp-json\/wp\/v2\/types\/product"}],"version-history":[{"count":0,"href":"https:\/\/www.ledliberedizioni.it\/wp\/wp-json\/wp\/v2\/product\/3722\/revisions"}],"wp:featuredmedia":[{"embeddable":true,"href":"https:\/\/www.ledliberedizioni.it\/wp\/wp-json\/wp\/v2\/media\/3723"}],"wp:attachment":[{"href":"https:\/\/www.ledliberedizioni.it\/wp\/wp-json\/wp\/v2\/media?parent=3722"}],"wp:term":[{"taxonomy":"product_brand","embeddable":true,"href":"https:\/\/www.ledliberedizioni.it\/wp\/wp-json\/wp\/v2\/product_brand?post=3722"},{"taxonomy":"product_cat","embeddable":true,"href":"https:\/\/www.ledliberedizioni.it\/wp\/wp-json\/wp\/v2\/product_cat?post=3722"},{"taxonomy":"product_tag","embeddable":true,"href":"https:\/\/www.ledliberedizioni.it\/wp\/wp-json\/wp\/v2\/product_tag?post=3722"}],"curies":[{"name":"wp","href":"https:\/\/api.w.org\/{rel}","templated":true}]}}