{"id":3191,"date":"2024-04-25T11:32:29","date_gmt":"2024-04-25T09:32:29","guid":{"rendered":"https:\/\/www.ledliberedizioni.it\/wp\/?post_type=product&#038;p=3191"},"modified":"2024-04-25T11:33:29","modified_gmt":"2024-04-25T09:33:29","slug":"col-senno-di-poi","status":"publish","type":"product","link":"https:\/\/www.ledliberedizioni.it\/wp\/prodotto\/col-senno-di-poi\/","title":{"rendered":"COL SENNO DI POI"},"content":{"rendered":"<p>Ono San Pietro, provincia di Brescia. Il 16 luglio 2013 Pasquale Iacovone uccide, soffocandoli e poi bruciandoli nel fuoco che ha appiccato alla propria abitazione, i figli Andrea e Davide di 13 e 9 anni. La mamma Erica Patti aveva in precedenza denunciato, segnalato e chiesto aiuto ottenendo risposte, col senno di poi, certamente inadeguate. La violenza, cieca e inaudita si \u00e8 abbattuta sulla sua famiglia, su di lei e i suoi bambini. A distanza di nove anni da quei tragici fatti che le hanno per sempre cambiato la vita, Erica ha trovato il coraggio di raccontare quella storia.<\/p>\n","protected":false},"excerpt":{"rendered":"<h6>Uccisi e bruciati dal padre. La madre racconta la strage di Ono San Pietro<\/h6>\n<p><em><strong>Erica Patti<\/strong><\/em><br \/>\nIl 18 dicembre 2015 il Comune di Brescia ha riconosciuto a Erica Patti il Premio Bulloni. Il premio, intitolato alla memoria dell\u2019avvocato Pietro Bulloni, ha origine nel 1953 e ogni anno viene proposto per persone o associazioni che operano nel campo sociale o religioso. Questa la motivazione: \u00abD\u00e0 aiuto a famiglie in difficolt\u00e0, a donne e bambini vittime della violenza in tutte le sue forme e si \u00e8 impegnata per la costruzione a Ono San Pietro di un nuovo oratorio, dedicato ai suoi figli\u00bb.<\/p>\n<p><em><strong>Laura Bergami<\/strong><\/em><br \/>\nGiornalista a \u201cTeletutto\u201d, da sempre attenta ai temi del sociale, da diversi anni collabora con l\u2019artista relazionale Patrizia Fratus nel percorso di realizzazione delle performance in occasione del 25 novembre, Giornata internazionale contro la violenza sulle donne. Fra i suoi lavori pi\u00f9 recenti ha curato, insieme ad Anna Peroni, la mostra \u00abPlurale femminile\u00bb per il Brescia Photo Festival e ha steso i testi di \u00ab1980\/2020 &#8211; Quarant\u2019anni di cronaca bresciana\u00bb, la cui curatela ha condiviso con Renato Corsini.<\/p>\n","protected":false},"featured_media":3192,"template":"","meta":{"site-sidebar-layout":"default","site-content-layout":"","ast-site-content-layout":"default","site-content-style":"default","site-sidebar-style":"default","ast-global-header-display":"","ast-banner-title-visibility":"","ast-main-header-display":"","ast-hfb-above-header-display":"","ast-hfb-below-header-display":"","ast-hfb-mobile-header-display":"","site-post-title":"","ast-breadcrumbs-content":"","ast-featured-img":"","footer-sml-layout":"","ast-disable-related-posts":"","theme-transparent-header-meta":"default","adv-header-id-meta":"","stick-header-meta":"","header-above-stick-meta":"","header-main-stick-meta":"","header-below-stick-meta":"","astra-migrate-meta-layouts":"set","ast-page-background-enabled":"default","ast-page-background-meta":{"desktop":{"background-color":"","background-image":"","background-repeat":"repeat","background-position":"center center","background-size":"auto","background-attachment":"scroll","background-type":"","background-media":"","overlay-type":"","overlay-color":"","overlay-opacity":"","overlay-gradient":""},"tablet":{"background-color":"","background-image":"","background-repeat":"repeat","background-position":"center center","background-size":"auto","background-attachment":"scroll","background-type":"","background-media":"","overlay-type":"","overlay-color":"","overlay-opacity":"","overlay-gradient":""},"mobile":{"background-color":"","background-image":"","background-repeat":"repeat","background-position":"center center","background-size":"auto","background-attachment":"scroll","background-type":"","background-media":"","overlay-type":"","overlay-color":"","overlay-opacity":"","overlay-gradient":""}},"ast-content-background-meta":{"desktop":{"background-color":"var(--ast-global-color-5)","background-image":"","background-repeat":"repeat","background-position":"center center","background-size":"auto","background-attachment":"scroll","background-type":"","background-media":"","overlay-type":"","overlay-color":"","overlay-opacity":"","overlay-gradient":""},"tablet":{"background-color":"var(--ast-global-color-5)","background-image":"","background-repeat":"repeat","background-position":"center center","background-size":"auto","background-attachment":"scroll","background-type":"","background-media":"","overlay-type":"","overlay-color":"","overlay-opacity":"","overlay-gradient":""},"mobile":{"background-color":"var(--ast-global-color-5)","background-image":"","background-repeat":"repeat","background-position":"center center","background-size":"auto","background-attachment":"scroll","background-type":"","background-media":"","overlay-type":"","overlay-color":"","overlay-opacity":"","overlay-gradient":""}}},"product_brand":[],"product_cat":[398,399,48],"product_tag":[],"class_list":{"0":"post-3191","1":"product","2":"type-product","3":"status-publish","4":"has-post-thumbnail","6":"product_cat-erica-patti","7":"product_cat-laura-bergami","8":"product_cat-saggistica","9":"desktop-align-left","10":"tablet-align-left","11":"mobile-align-left","13":"first","14":"instock","15":"sale","16":"taxable","17":"shipping-taxable","18":"purchasable","19":"product-type-simple"},"_links":{"self":[{"href":"https:\/\/www.ledliberedizioni.it\/wp\/wp-json\/wp\/v2\/product\/3191","targetHints":{"allow":["GET"]}}],"collection":[{"href":"https:\/\/www.ledliberedizioni.it\/wp\/wp-json\/wp\/v2\/product"}],"about":[{"href":"https:\/\/www.ledliberedizioni.it\/wp\/wp-json\/wp\/v2\/types\/product"}],"version-history":[{"count":0,"href":"https:\/\/www.ledliberedizioni.it\/wp\/wp-json\/wp\/v2\/product\/3191\/revisions"}],"wp:featuredmedia":[{"embeddable":true,"href":"https:\/\/www.ledliberedizioni.it\/wp\/wp-json\/wp\/v2\/media\/3192"}],"wp:attachment":[{"href":"https:\/\/www.ledliberedizioni.it\/wp\/wp-json\/wp\/v2\/media?parent=3191"}],"wp:term":[{"taxonomy":"product_brand","embeddable":true,"href":"https:\/\/www.ledliberedizioni.it\/wp\/wp-json\/wp\/v2\/product_brand?post=3191"},{"taxonomy":"product_cat","embeddable":true,"href":"https:\/\/www.ledliberedizioni.it\/wp\/wp-json\/wp\/v2\/product_cat?post=3191"},{"taxonomy":"product_tag","embeddable":true,"href":"https:\/\/www.ledliberedizioni.it\/wp\/wp-json\/wp\/v2\/product_tag?post=3191"}],"curies":[{"name":"wp","href":"https:\/\/api.w.org\/{rel}","templated":true}]}}